{"id":20,"date":"2016-10-29T18:29:35","date_gmt":"2016-10-29T18:29:35","guid":{"rendered":"http:\/\/koi-ka.de\/?post_type=product&#038;p=20"},"modified":"2023-10-27T08:07:35","modified_gmt":"2023-10-27T08:07:35","slug":"faltbecken-hoehe-80cm-1400-liter","status":"publish","type":"product","link":"http:\/\/koi-ka.de\/?product=faltbecken-hoehe-80cm-1400-liter","title":{"rendered":"\u00d8 150cm-H\u00f6he 80cm (1400 Liter)"},"content":{"rendered":"<ul>\n<li>Unsere Faltbecken werden aus stabiler, extrem rei\u00dffester, gewebeverst\u00e4rkter PVC-Folie geschwei\u00dft<\/li>\n<li>Wir verwenden nur extra starke Qualit\u00e4ts-Folien 1. Wahl<\/li>\n<li>UV-best\u00e4ndig<\/li>\n<li>Stabile St\u00fctzbeine aus Kunststoff rundum<\/li>\n<li>Ein Kunststoffring am Rand h\u00e4lt die Folie auch ohne Wasser in Form<\/li>\n<li>Die Farbe ist ein nicht zu dunkles Blau, worin besonderes die Farben Ihrer Koi gut zur Geltung kommt. (Andere Farben auf Anfrage)<\/li>\n<li>F\u00fcr Innen und Aussen<\/li>\n<li>Schneller Auf- und Abbau<\/li>\n<li>Platzsparend zusammenlegbar<\/li>\n<li>Gr\u00f6\u00dfen, ganz nach Ihren W\u00fcnschen, bis 150 cm H\u00f6he m\u00f6glich.<\/li>\n<li>10 Jahre Hersteller-Garantie auf Dichtigkeit<\/li>\n<li>Made in Germany<\/li>\n<\/ul>\n","protected":false},"excerpt":{"rendered":"<ul>\n<li><strong>Die Lieferung ist im Preis enthalten<\/strong><\/li>\n<li>\u00dcberwinterung Ihrer Koi<\/li>\n<li>Quarant\u00e4ne neu erworbener Koi und anderer Teichfische<\/li>\n<li>Behandlung von erkrankten Fischen<\/li>\n<li>Wasservorbereitung f\u00fcr einen schonenden Wasserwechsel<\/li>\n<li>Ausstellung und Pr\u00e4sentation von Koi<\/li>\n<\/ul>\n","protected":false},"featured_media":22,"template":"","meta":[],"class_list":{"0":"post-20","1":"product","2":"type-product","3":"status-publish","4":"has-post-thumbnail","6":"product_cat-koi-ka-faltbecken","7":"product_cat-durchmesser-o-150cm","8":"product_cat-o-150cm-hoehe-80cm-1400-liter","9":"description-off","11":"first","12":"instock","13":"shipping-taxable","14":"purchasable","15":"product-type-simple"},"_links":{"self":[{"href":"http:\/\/koi-ka.de\/index.php?rest_route=\/wp\/v2\/product\/20","targetHints":{"allow":["GET"]}}],"collection":[{"href":"http:\/\/koi-ka.de\/index.php?rest_route=\/wp\/v2\/product"}],"about":[{"href":"http:\/\/koi-ka.de\/index.php?rest_route=\/wp\/v2\/types\/product"}],"wp:featuredmedia":[{"embeddable":true,"href":"http:\/\/koi-ka.de\/index.php?rest_route=\/wp\/v2\/media\/22"}],"wp:attachment":[{"href":"http:\/\/koi-ka.de\/index.php?rest_route=%2Fwp%2Fv2%2Fmedia&parent=20"}],"curies":[{"name":"wp","href":"https:\/\/api.w.org\/{rel}","templated":true}]}}