{"id":111,"date":"2016-10-31T21:38:00","date_gmt":"2016-10-31T21:38:00","guid":{"rendered":"http:\/\/koi-ka.de\/?post_type=product&#038;p=111"},"modified":"2022-01-11T21:08:41","modified_gmt":"2022-01-11T21:08:41","slug":"durchmesser-o-200-mtr","status":"publish","type":"product","link":"http:\/\/koi-ka.de\/?product=durchmesser-o-200-mtr","title":{"rendered":"Netz Durchmesser \u00d8 2,05 mtr f\u00fcr Faltbecken von \u00d8 1,75 mtr"},"content":{"rendered":"","protected":false},"excerpt":{"rendered":"<p>Netz 2,05 f\u00fcr 1,75 Faltbecken<\/p>\n","protected":false},"featured_media":23,"template":"","meta":[],"class_list":{"0":"post-111","1":"product","2":"type-product","3":"status-publish","4":"has-post-thumbnail","6":"product_cat-koi-ka-abdecknetze","7":"product_cat-durchmesser-o-200-mtr","8":"description-off","10":"first","11":"instock","12":"shipping-taxable","13":"purchasable","14":"product-type-simple"},"_links":{"self":[{"href":"http:\/\/koi-ka.de\/index.php?rest_route=\/wp\/v2\/product\/111","targetHints":{"allow":["GET"]}}],"collection":[{"href":"http:\/\/koi-ka.de\/index.php?rest_route=\/wp\/v2\/product"}],"about":[{"href":"http:\/\/koi-ka.de\/index.php?rest_route=\/wp\/v2\/types\/product"}],"wp:featuredmedia":[{"embeddable":true,"href":"http:\/\/koi-ka.de\/index.php?rest_route=\/wp\/v2\/media\/23"}],"wp:attachment":[{"href":"http:\/\/koi-ka.de\/index.php?rest_route=%2Fwp%2Fv2%2Fmedia&parent=111"}],"curies":[{"name":"wp","href":"https:\/\/api.w.org\/{rel}","templated":true}]}}