{"id":14,"date":"2016-10-29T17:54:59","date_gmt":"2016-10-29T17:54:59","guid":{"rendered":"http:\/\/koi-ka.de\/?page_id=14"},"modified":"2022-02-25T23:50:39","modified_gmt":"2022-02-25T23:50:39","slug":"koi-ka-guehnter","status":"publish","type":"page","link":"http:\/\/koi-ka.de\/?page_id=14","title":{"rendered":"Koi-Ka G\u00fchnter"},"content":{"rendered":"<p>[vc_row][vc_column][vc_separator color=&#8220;blue&#8220; border_width=&#8220;3&#8243;][vc_column_text]<\/p>\n<h5 style=\"text-align: center;\"><span style=\"color: #000000;\">In Gegensatz zu den massiven PVC-Becken, sind Faltbecken ganz einfach auf- und abzubauen, ohne gro\u00dfe Umst\u00e4nde zu transportieren und platzsparend verstaubar. <\/span><\/h5>\n<h5 style=\"text-align: center;\"><span style=\"color: #000000;\">Sie sind Koi-Liebhaber und brauchen ein provisorisches Quarant\u00e4nebecken f\u00fcr ihren Neubestand oder eine \u00dcberwinterungsm\u00f6glichkeit f\u00fcr ihre Karpfen? <\/span><\/h5>\n<h5 style=\"text-align: center;\"><span style=\"color: #000000;\">Sie sind H\u00e4ndler und wollen ihre sch\u00f6nsten Exemplare anl\u00e4sslich der Koishows pr\u00e4sentieren? Unsere Faltbecken erm\u00f6glichen Ihnen die Liebe zum Koi ohne Kopfzerbrechen zu leben: zusammengefaltet k\u00f6nnen unsere Faltbecken ganz einfach in der Garage verstaut werden und passen auch problemlos in Ihren PKW. <\/span><\/h5>\n<h5 style=\"text-align: center;\"><span style=\"color: #000000;\">Die Faltbecken von Koi-ka sind made in Germany und werden seit \u00fcber 10 Jahren in liebvoller Handarbeit in H\u00fcckelhoven gefertigt. Im Vordergrund steht die Liebe zum Koi und deshalb werden Sie bei Koi-ka niemals billige und industriel hergestellte Faltbecken im Sortiment finden. Unsere Faltbecken sind aus rei\u00dffester, UV-best\u00e4ndiger und gewebeverst\u00e4rkter PVC-Folie zusammengeschwei\u00dft und werden durch einen Kunststoffring auch ohne Wasser in Form gehalten .Eine vergleichbare hochwertige Qualit\u00e4t ist nicht auf dem Markt und wir k\u00f6nnen unsere Faltbecken \u00fcberzeugt mit einer 5 Jahre Garantie\u00a0 versehen.<\/span><\/h5>\n<p>[\/vc_column_text][\/vc_column][\/vc_row][vc_row][vc_column][vc_separator color=&#8220;blue&#8220; border_width=&#8220;3&#8243;][\/vc_column][vc_column][vc_column_text]<\/p>\n<h2 style=\"text-align: center;\"><strong>Aufbau eines Koi-Ka Faltbecken<\/strong><\/h2>\n<p>[\/vc_column_text][\/vc_column][\/vc_row][vc_row][vc_column width=&#8220;1\/4&#8243;][vc_single_image image=&#8220;203&#8243;][\/vc_column][vc_column width=&#8220;1\/4&#8243;][vc_single_image image=&#8220;204&#8243;][\/vc_column][vc_column width=&#8220;1\/4&#8243;][vc_single_image image=&#8220;205&#8243;][\/vc_column][vc_column width=&#8220;1\/4&#8243;][vc_single_image image=&#8220;206&#8243;][\/vc_column][\/vc_row][vc_row][vc_column width=&#8220;1\/4&#8243;][vc_single_image image=&#8220;207&#8243;][\/vc_column][vc_column width=&#8220;1\/4&#8243;][vc_single_image image=&#8220;208&#8243;][\/vc_column][vc_column width=&#8220;1\/4&#8243;][vc_single_image image=&#8220;209&#8243;][\/vc_column][vc_column width=&#8220;1\/4&#8243;][vc_single_image image=&#8220;210&#8243;][\/vc_column][\/vc_row][vc_row][vc_column][vc_single_image image=&#8220;212&#8243; img_size=&#8220;large&#8220;][\/vc_column][\/vc_row][vc_row][vc_column][vc_separator color=&#8220;blue&#8220; border_width=&#8220;3&#8243;][\/vc_column][\/vc_row]<\/p>\n","protected":false},"excerpt":{"rendered":"<p>[vc_row][vc_column][vc_separator color=&#8220;blue&#8220; border_width=&#8220;3&#8243;][vc_column_text] In Gegensatz zu den massiven PVC-Becken, sind Faltbecken ganz einfach auf- und abzubauen, ohne gro\u00dfe Umst\u00e4nde zu transportieren und platzsparend verstaubar. Sie sind Koi-Liebhaber und brauchen ein provisorisches Quarant\u00e4nebecken f\u00fcr ihren Neubestand oder eine \u00dcberwinterungsm\u00f6glichkeit f\u00fcr ihre Karpfen? Sie sind H\u00e4ndler und wollen ihre sch\u00f6nsten Exemplare anl\u00e4sslich der Koishows pr\u00e4sentieren? Unsere Faltbecken&hellip;<\/p>\n","protected":false},"author":1,"featured_media":0,"parent":0,"menu_order":0,"comment_status":"closed","ping_status":"closed","template":"","meta":[],"class_list":["post-14","page","type-page","status-publish","hentry","description-off"],"_links":{"self":[{"href":"http:\/\/koi-ka.de\/index.php?rest_route=\/wp\/v2\/pages\/14","targetHints":{"allow":["GET"]}}],"collection":[{"href":"http:\/\/koi-ka.de\/index.php?rest_route=\/wp\/v2\/pages"}],"about":[{"href":"http:\/\/koi-ka.de\/index.php?rest_route=\/wp\/v2\/types\/page"}],"author":[{"embeddable":true,"href":"http:\/\/koi-ka.de\/index.php?rest_route=\/wp\/v2\/users\/1"}],"replies":[{"embeddable":true,"href":"http:\/\/koi-ka.de\/index.php?rest_route=%2Fwp%2Fv2%2Fcomments&post=14"}],"version-history":[{"count":0,"href":"http:\/\/koi-ka.de\/index.php?rest_route=\/wp\/v2\/pages\/14\/revisions"}],"wp:attachment":[{"href":"http:\/\/koi-ka.de\/index.php?rest_route=%2Fwp%2Fv2%2Fmedia&parent=14"}],"curies":[{"name":"wp","href":"https:\/\/api.w.org\/{rel}","templated":true}]}}